{"id":773,"date":"2020-09-10T03:23:45","date_gmt":"2020-09-10T03:23:45","guid":{"rendered":"https:\/\/www.hotelgruber.com\/privacy-policy\/"},"modified":"2020-10-19T14:13:41","modified_gmt":"2020-10-19T14:13:41","slug":"datenschutz","status":"publish","type":"page","link":"https:\/\/www.hotelgruber.com\/de\/datenschutz\/","title":{"rendered":"Datenschutzerkl\u00e4rung"},"content":{"rendered":"\r\n<p>Wir, das Hotel-Restaurant GRUBER nehmen den Schutz Ihrer pers\u00f6nlichen Daten sehr ernst und halten uns strikt an die Regeln der Datenschutzgesetze. Personenbezogene Daten werden auf dieser Webseite nur im technisch notwendigen Umfang erhoben. In keinem Fall werden die erhobenen Daten verkauft oder aus anderen Gr\u00fcnden an Dritte weitergegeben.<\/p>\r\n<h2 class=\"wp-block-heading\">Verantwortlicher<\/h2>\r\n\r\n\r\n\r\n<p>Hotel-Restaurant Gruber<br \/>36, route d&#8217;Echternach<br \/>L-6585 Steinheim &#8211; Luxemburg <br \/>Handelsregister\/Nr.: A39868<br \/>Gesch\u00e4ftsf\u00fchrer: Marguerite Diederich<br \/>Telefonnummer: +352 72 04 33<br \/>E-Mailadresse: info@hotelgruber.com<br \/>Datenschutzbeauftragter: info@hotelgruber.com<\/p>\r\n<p><strong>DIE NACHFOLGENDE ERKL\u00c4RUNG GIBT IHNEN EINEN \u00dcBERBLICK DAR\u00dcBER, WIE WIR DIESEN SCHUTZ GEW\u00c4HRLEISTEN UND WELCHE ART VON DATEN ZU WELCHEM ZWECK ERHOBEN WERDEN.<\/strong><\/p>\r\n\r\n\r\n\r\n\r\n\r\n<h2 class=\"wp-block-heading\">Datenverarbeitung auf dieser Internetseite<\/h2>\r\n\r\n\r\n\r\n<p>Das Hotel-Restaurant GRUBER erhebt und speichert automatisch in ihren Server Log Files Informationen, die Ihr Browser an uns \u00fcbermittelt. Dies sind:<\/p>\r\n<ul class=\"list-unstyled list8\">\r\n<li>Browsertyp\/ -version<\/li>\r\n<li>verwendetes Betriebssystem<\/li>\r\n<li>Referrer URL (die zuvor besuchte Seite)<\/li>\r\n<li>Hostname des zugreifenden Rechners (IP Adresse)<\/li>\r\n<li>Uhrzeit der Serveranfrage.<\/li>\r\n<\/ul>\r\n<p>Diese Daten sind f\u00fcr das Hotel-Restaurant GRUBER nicht bestimmten Personen zuzuordnen. Eine Zusammenf\u00fchrung dieser Daten mit anderen Datenquellen wird nicht vorgenommen, die Daten werden zudem nach einer statistischen Auswertung gel\u00f6scht.<\/p>\r\n<h2>Auskunftsrecht<\/h2>\r\n<p>Sie haben jederzeit das Recht auf Auskunft \u00fcber die bez\u00fcglich Ihrer Person gespeicherten Daten, deren Herkunft und Empf\u00e4nger sowie den Zweck der Speicherung. Auskunft \u00fcber die gespeicherten Daten gibt der\u00a0<a href=\"mailto:info@hotelgruber.com\">Datenschutzbeauftragte<\/a>.<\/p>\r\n<h2>Weitere Informationen<\/h2>\r\n<p>Ihr Vertrauen ist uns wichtig. Daher m\u00f6chten wir Ihnen jederzeit Rede und Antwort bez\u00fcglich der Verarbeitung Ihrer personenbezogenen Daten stehen. Wenn Sie Fragen haben, die Ihnen diese Datenschutzerkl\u00e4rung nicht beantworten konnte oder wenn Sie zu einem Punkt vertiefte Informationen w\u00fcnschen, wenden Sie sich bitte jederzeit an den\u00a0<a href=\"mailto:info@hotelgruber.com\">Datenschutzbeauftragten.<\/a><\/p>\r\n\r\n\r\n","protected":false},"excerpt":{"rendered":"<p>Wir, das Hotel-Restaurant GRUBER nehmen den Schutz Ihrer pers\u00f6nlichen Daten sehr ernst und halten uns strikt an die Regeln der Datenschutzgesetze. Personenbezogene Daten werden auf dieser Webseite nur im technisch notwendigen Umfang erhoben. In keinem Fall werden die erhobenen Daten verkauft oder aus anderen Gr\u00fcnden an Dritte weitergegeben. Verantwortlicher Hotel-Restaurant Gruber36, route d&#8217;EchternachL-6585 Steinheim &#8211; [&hellip;]<\/p>\n","protected":false},"author":5,"featured_media":0,"parent":0,"menu_order":0,"comment_status":"closed","ping_status":"closed","template":"","meta":{"_acf_changed":false,"inline_featured_image":false,"footnotes":""},"class_list":["post-773","page","type-page","status-publish","hentry"],"acf":[],"yoast_head":"<!-- This site is optimized with the Yoast SEO plugin v25.8 - https:\/\/yoast.com\/wordpress\/plugins\/seo\/ -->\n<title>Datenschutzerkl\u00e4rung - Hotel Gruber<\/title>\n<meta name=\"robots\" content=\"index, follow, max-snippet:-1, max-image-preview:large, max-video-preview:-1\" \/>\n<link rel=\"canonical\" href=\"https:\/\/www.hotelgruber.com\/de\/datenschutz\/\" \/>\n<meta property=\"og:locale\" content=\"de_DE\" \/>\n<meta property=\"og:type\" content=\"article\" \/>\n<meta property=\"og:title\" content=\"Datenschutzerkl\u00e4rung - Hotel Gruber\" \/>\n<meta property=\"og:description\" content=\"Wir, das Hotel-Restaurant GRUBER nehmen den Schutz Ihrer pers\u00f6nlichen Daten sehr ernst und halten uns strikt an die Regeln der Datenschutzgesetze. Personenbezogene Daten werden auf dieser Webseite nur im technisch notwendigen Umfang erhoben. In keinem Fall werden die erhobenen Daten verkauft oder aus anderen Gr\u00fcnden an Dritte weitergegeben. Verantwortlicher Hotel-Restaurant Gruber36, route d&#8217;EchternachL-6585 Steinheim &#8211; [&hellip;]\" \/>\n<meta property=\"og:url\" content=\"https:\/\/www.hotelgruber.com\/de\/datenschutz\/\" \/>\n<meta property=\"og:site_name\" content=\"Hotel Gruber\" \/>\n<meta property=\"article:modified_time\" content=\"2020-10-19T14:13:41+00:00\" \/>\n<meta name=\"twitter:card\" content=\"summary_large_image\" \/>\n<meta name=\"twitter:label1\" content=\"Gesch\u00e4tzte Lesezeit\" \/>\n\t<meta name=\"twitter:data1\" content=\"1\u00a0Minute\" \/>\n<script type=\"application\/ld+json\" class=\"yoast-schema-graph\">{\"@context\":\"https:\/\/schema.org\",\"@graph\":[{\"@type\":\"WebPage\",\"@id\":\"https:\/\/www.hotelgruber.com\/de\/datenschutz\/\",\"url\":\"https:\/\/www.hotelgruber.com\/de\/datenschutz\/\",\"name\":\"Datenschutzerkl\u00e4rung - Hotel Gruber\",\"isPartOf\":{\"@id\":\"https:\/\/www.hotelgruber.com\/de\/#website\"},\"datePublished\":\"2020-09-10T03:23:45+00:00\",\"dateModified\":\"2020-10-19T14:13:41+00:00\",\"breadcrumb\":{\"@id\":\"https:\/\/www.hotelgruber.com\/de\/datenschutz\/#breadcrumb\"},\"inLanguage\":\"de\",\"potentialAction\":[{\"@type\":\"ReadAction\",\"target\":[\"https:\/\/www.hotelgruber.com\/de\/datenschutz\/\"]}]},{\"@type\":\"BreadcrumbList\",\"@id\":\"https:\/\/www.hotelgruber.com\/de\/datenschutz\/#breadcrumb\",\"itemListElement\":[{\"@type\":\"ListItem\",\"position\":1,\"name\":\"Home\",\"item\":\"https:\/\/www.hotelgruber.com\/de\/\"},{\"@type\":\"ListItem\",\"position\":2,\"name\":\"Datenschutzerkl\u00e4rung\"}]},{\"@type\":\"WebSite\",\"@id\":\"https:\/\/www.hotelgruber.com\/de\/#website\",\"url\":\"https:\/\/www.hotelgruber.com\/de\/\",\"name\":\"Hotel Gruber\",\"description\":\"Hotel Gruber in Steinheim\",\"potentialAction\":[{\"@type\":\"SearchAction\",\"target\":{\"@type\":\"EntryPoint\",\"urlTemplate\":\"https:\/\/www.hotelgruber.com\/de\/?s={search_term_string}\"},\"query-input\":{\"@type\":\"PropertyValueSpecification\",\"valueRequired\":true,\"valueName\":\"search_term_string\"}}],\"inLanguage\":\"de\"}]}<\/script>\n<!-- \/ Yoast SEO plugin. -->","yoast_head_json":{"title":"Datenschutzerkl\u00e4rung - Hotel Gruber","robots":{"index":"index","follow":"follow","max-snippet":"max-snippet:-1","max-image-preview":"max-image-preview:large","max-video-preview":"max-video-preview:-1"},"canonical":"https:\/\/www.hotelgruber.com\/de\/datenschutz\/","og_locale":"de_DE","og_type":"article","og_title":"Datenschutzerkl\u00e4rung - Hotel Gruber","og_description":"Wir, das Hotel-Restaurant GRUBER nehmen den Schutz Ihrer pers\u00f6nlichen Daten sehr ernst und halten uns strikt an die Regeln der Datenschutzgesetze. Personenbezogene Daten werden auf dieser Webseite nur im technisch notwendigen Umfang erhoben. In keinem Fall werden die erhobenen Daten verkauft oder aus anderen Gr\u00fcnden an Dritte weitergegeben. Verantwortlicher Hotel-Restaurant Gruber36, route d&#8217;EchternachL-6585 Steinheim &#8211; [&hellip;]","og_url":"https:\/\/www.hotelgruber.com\/de\/datenschutz\/","og_site_name":"Hotel Gruber","article_modified_time":"2020-10-19T14:13:41+00:00","twitter_card":"summary_large_image","twitter_misc":{"Gesch\u00e4tzte Lesezeit":"1\u00a0Minute"},"schema":{"@context":"https:\/\/schema.org","@graph":[{"@type":"WebPage","@id":"https:\/\/www.hotelgruber.com\/de\/datenschutz\/","url":"https:\/\/www.hotelgruber.com\/de\/datenschutz\/","name":"Datenschutzerkl\u00e4rung - Hotel Gruber","isPartOf":{"@id":"https:\/\/www.hotelgruber.com\/de\/#website"},"datePublished":"2020-09-10T03:23:45+00:00","dateModified":"2020-10-19T14:13:41+00:00","breadcrumb":{"@id":"https:\/\/www.hotelgruber.com\/de\/datenschutz\/#breadcrumb"},"inLanguage":"de","potentialAction":[{"@type":"ReadAction","target":["https:\/\/www.hotelgruber.com\/de\/datenschutz\/"]}]},{"@type":"BreadcrumbList","@id":"https:\/\/www.hotelgruber.com\/de\/datenschutz\/#breadcrumb","itemListElement":[{"@type":"ListItem","position":1,"name":"Home","item":"https:\/\/www.hotelgruber.com\/de\/"},{"@type":"ListItem","position":2,"name":"Datenschutzerkl\u00e4rung"}]},{"@type":"WebSite","@id":"https:\/\/www.hotelgruber.com\/de\/#website","url":"https:\/\/www.hotelgruber.com\/de\/","name":"Hotel Gruber","description":"Hotel Gruber in Steinheim","potentialAction":[{"@type":"SearchAction","target":{"@type":"EntryPoint","urlTemplate":"https:\/\/www.hotelgruber.com\/de\/?s={search_term_string}"},"query-input":{"@type":"PropertyValueSpecification","valueRequired":true,"valueName":"search_term_string"}}],"inLanguage":"de"}]}},"_links":{"self":[{"href":"https:\/\/www.hotelgruber.com\/de\/wp-json\/wp\/v2\/pages\/773","targetHints":{"allow":["GET"]}}],"collection":[{"href":"https:\/\/www.hotelgruber.com\/de\/wp-json\/wp\/v2\/pages"}],"about":[{"href":"https:\/\/www.hotelgruber.com\/de\/wp-json\/wp\/v2\/types\/page"}],"author":[{"embeddable":true,"href":"https:\/\/www.hotelgruber.com\/de\/wp-json\/wp\/v2\/users\/5"}],"replies":[{"embeddable":true,"href":"https:\/\/www.hotelgruber.com\/de\/wp-json\/wp\/v2\/comments?post=773"}],"version-history":[{"count":3,"href":"https:\/\/www.hotelgruber.com\/de\/wp-json\/wp\/v2\/pages\/773\/revisions"}],"predecessor-version":[{"id":1117,"href":"https:\/\/www.hotelgruber.com\/de\/wp-json\/wp\/v2\/pages\/773\/revisions\/1117"}],"wp:attachment":[{"href":"https:\/\/www.hotelgruber.com\/de\/wp-json\/wp\/v2\/media?parent=773"}],"curies":[{"name":"wp","href":"https:\/\/api.w.org\/{rel}","templated":true}]}}