{"id":822,"date":"2020-10-14T11:43:38","date_gmt":"2020-10-14T11:43:38","guid":{"rendered":"https:\/\/www.hotelgruber.com\/?page_id=822"},"modified":"2026-03-28T17:23:01","modified_gmt":"2026-03-28T17:23:01","slug":"restaurant","status":"publish","type":"page","link":"https:\/\/www.hotelgruber.com\/fr\/restaurant\/","title":{"rendered":"Restaurant"},"content":{"rendered":"<p>C&rsquo;est mariage de 3 g\u00e9n\u00e9rations avec 40 ans d&rsquo;exp\u00e9rience professionnelle, ainsi qu&rsquo;une cuisine fran\u00e7aise avec des produits locaux coiff\u00e9e au Gault&amp;Millau avec 13\/20 et 2 toques.<\/p>\n","protected":false},"excerpt":{"rendered":"<p>C&rsquo;est mariage de 3 g\u00e9n\u00e9rations avec 40 ans d&rsquo;exp\u00e9rience professionnelle, ainsi qu&rsquo;une cuisine fran\u00e7aise avec des produits locaux coiff\u00e9e au Gault&amp;Millau avec 13\/20 et 2 toques.<\/p>\n","protected":false},"author":5,"featured_media":2769,"parent":0,"menu_order":0,"comment_status":"closed","ping_status":"closed","template":"page-templates\/template-restaurant.php","meta":{"_acf_changed":false,"inline_featured_image":false,"footnotes":""},"class_list":["post-822","page","type-page","status-publish","has-post-thumbnail","hentry"],"acf":[],"yoast_head":"<!-- This site is optimized with the Yoast SEO plugin v25.8 - https:\/\/yoast.com\/wordpress\/plugins\/seo\/ -->\n<title>Restaurant - Hotel Gruber<\/title>\n<meta name=\"description\" content=\"C&#039;est l&#039;occasion id\u00e9ale de d\u00e9couvrir de nouvelles saveurs issues de la tradition r\u00e9gionale accompagn\u00e9es des meilleurs crus de la Moselle luxembourgeoise.\" \/>\n<meta name=\"robots\" content=\"index, follow, max-snippet:-1, max-image-preview:large, max-video-preview:-1\" \/>\n<link rel=\"canonical\" href=\"https:\/\/www.hotelgruber.com\/fr\/restaurant\/\" \/>\n<meta property=\"og:locale\" content=\"fr_FR\" \/>\n<meta property=\"og:type\" content=\"article\" \/>\n<meta property=\"og:title\" content=\"Restaurant - Hotel Gruber\" \/>\n<meta property=\"og:description\" content=\"C&#039;est l&#039;occasion id\u00e9ale de d\u00e9couvrir de nouvelles saveurs issues de la tradition r\u00e9gionale accompagn\u00e9es des meilleurs crus de la Moselle luxembourgeoise.\" \/>\n<meta property=\"og:url\" content=\"https:\/\/www.hotelgruber.com\/fr\/restaurant\/\" \/>\n<meta property=\"og:site_name\" content=\"Hotel Gruber\" \/>\n<meta property=\"article:modified_time\" content=\"2026-03-28T17:23:01+00:00\" \/>\n<meta property=\"og:image\" content=\"https:\/\/www.hotelgruber.com\/wp-content\/uploads\/2025\/09\/compressed_67-TM_HotelGruber_67-scaled.jpg\" \/>\n\t<meta property=\"og:image:width\" content=\"2560\" \/>\n\t<meta property=\"og:image:height\" content=\"1707\" \/>\n\t<meta property=\"og:image:type\" content=\"image\/jpeg\" \/>\n<meta name=\"twitter:card\" content=\"summary_large_image\" \/>\n<meta name=\"twitter:label1\" content=\"Dur\u00e9e de lecture estim\u00e9e\" \/>\n\t<meta name=\"twitter:data1\" content=\"1 minute\" \/>\n<script type=\"application\/ld+json\" class=\"yoast-schema-graph\">{\"@context\":\"https:\/\/schema.org\",\"@graph\":[{\"@type\":\"WebPage\",\"@id\":\"https:\/\/www.hotelgruber.com\/fr\/restaurant\/\",\"url\":\"https:\/\/www.hotelgruber.com\/fr\/restaurant\/\",\"name\":\"Restaurant - Hotel Gruber\",\"isPartOf\":{\"@id\":\"https:\/\/www.hotelgruber.com\/fr\/#website\"},\"primaryImageOfPage\":{\"@id\":\"https:\/\/www.hotelgruber.com\/fr\/restaurant\/#primaryimage\"},\"image\":{\"@id\":\"https:\/\/www.hotelgruber.com\/fr\/restaurant\/#primaryimage\"},\"thumbnailUrl\":\"https:\/\/www.hotelgruber.com\/wp-content\/uploads\/2025\/09\/compressed_67-TM_HotelGruber_67-scaled.jpg\",\"datePublished\":\"2020-10-14T11:43:38+00:00\",\"dateModified\":\"2026-03-28T17:23:01+00:00\",\"description\":\"C'est l'occasion id\u00e9ale de d\u00e9couvrir de nouvelles saveurs issues de la tradition r\u00e9gionale accompagn\u00e9es des meilleurs crus de la Moselle luxembourgeoise.\",\"breadcrumb\":{\"@id\":\"https:\/\/www.hotelgruber.com\/fr\/restaurant\/#breadcrumb\"},\"inLanguage\":\"fr-FR\",\"potentialAction\":[{\"@type\":\"ReadAction\",\"target\":[\"https:\/\/www.hotelgruber.com\/fr\/restaurant\/\"]}]},{\"@type\":\"ImageObject\",\"inLanguage\":\"fr-FR\",\"@id\":\"https:\/\/www.hotelgruber.com\/fr\/restaurant\/#primaryimage\",\"url\":\"https:\/\/www.hotelgruber.com\/wp-content\/uploads\/2025\/09\/compressed_67-TM_HotelGruber_67-scaled.jpg\",\"contentUrl\":\"https:\/\/www.hotelgruber.com\/wp-content\/uploads\/2025\/09\/compressed_67-TM_HotelGruber_67-scaled.jpg\",\"width\":2560,\"height\":1707},{\"@type\":\"BreadcrumbList\",\"@id\":\"https:\/\/www.hotelgruber.com\/fr\/restaurant\/#breadcrumb\",\"itemListElement\":[{\"@type\":\"ListItem\",\"position\":1,\"name\":\"Home\",\"item\":\"https:\/\/www.hotelgruber.com\/fr\/\"},{\"@type\":\"ListItem\",\"position\":2,\"name\":\"Restaurant\"}]},{\"@type\":\"WebSite\",\"@id\":\"https:\/\/www.hotelgruber.com\/fr\/#website\",\"url\":\"https:\/\/www.hotelgruber.com\/fr\/\",\"name\":\"Hotel Gruber\",\"description\":\"Hotel Gruber in Steinheim\",\"potentialAction\":[{\"@type\":\"SearchAction\",\"target\":{\"@type\":\"EntryPoint\",\"urlTemplate\":\"https:\/\/www.hotelgruber.com\/fr\/?s={search_term_string}\"},\"query-input\":{\"@type\":\"PropertyValueSpecification\",\"valueRequired\":true,\"valueName\":\"search_term_string\"}}],\"inLanguage\":\"fr-FR\"}]}<\/script>\n<!-- \/ Yoast SEO plugin. -->","yoast_head_json":{"title":"Restaurant - Hotel Gruber","description":"C'est l'occasion id\u00e9ale de d\u00e9couvrir de nouvelles saveurs issues de la tradition r\u00e9gionale accompagn\u00e9es des meilleurs crus de la Moselle luxembourgeoise.","robots":{"index":"index","follow":"follow","max-snippet":"max-snippet:-1","max-image-preview":"max-image-preview:large","max-video-preview":"max-video-preview:-1"},"canonical":"https:\/\/www.hotelgruber.com\/fr\/restaurant\/","og_locale":"fr_FR","og_type":"article","og_title":"Restaurant - Hotel Gruber","og_description":"C'est l'occasion id\u00e9ale de d\u00e9couvrir de nouvelles saveurs issues de la tradition r\u00e9gionale accompagn\u00e9es des meilleurs crus de la Moselle luxembourgeoise.","og_url":"https:\/\/www.hotelgruber.com\/fr\/restaurant\/","og_site_name":"Hotel Gruber","article_modified_time":"2026-03-28T17:23:01+00:00","og_image":[{"width":2560,"height":1707,"url":"https:\/\/www.hotelgruber.com\/wp-content\/uploads\/2025\/09\/compressed_67-TM_HotelGruber_67-scaled.jpg","type":"image\/jpeg"}],"twitter_card":"summary_large_image","twitter_misc":{"Dur\u00e9e de lecture estim\u00e9e":"1 minute"},"schema":{"@context":"https:\/\/schema.org","@graph":[{"@type":"WebPage","@id":"https:\/\/www.hotelgruber.com\/fr\/restaurant\/","url":"https:\/\/www.hotelgruber.com\/fr\/restaurant\/","name":"Restaurant - Hotel Gruber","isPartOf":{"@id":"https:\/\/www.hotelgruber.com\/fr\/#website"},"primaryImageOfPage":{"@id":"https:\/\/www.hotelgruber.com\/fr\/restaurant\/#primaryimage"},"image":{"@id":"https:\/\/www.hotelgruber.com\/fr\/restaurant\/#primaryimage"},"thumbnailUrl":"https:\/\/www.hotelgruber.com\/wp-content\/uploads\/2025\/09\/compressed_67-TM_HotelGruber_67-scaled.jpg","datePublished":"2020-10-14T11:43:38+00:00","dateModified":"2026-03-28T17:23:01+00:00","description":"C'est l'occasion id\u00e9ale de d\u00e9couvrir de nouvelles saveurs issues de la tradition r\u00e9gionale accompagn\u00e9es des meilleurs crus de la Moselle luxembourgeoise.","breadcrumb":{"@id":"https:\/\/www.hotelgruber.com\/fr\/restaurant\/#breadcrumb"},"inLanguage":"fr-FR","potentialAction":[{"@type":"ReadAction","target":["https:\/\/www.hotelgruber.com\/fr\/restaurant\/"]}]},{"@type":"ImageObject","inLanguage":"fr-FR","@id":"https:\/\/www.hotelgruber.com\/fr\/restaurant\/#primaryimage","url":"https:\/\/www.hotelgruber.com\/wp-content\/uploads\/2025\/09\/compressed_67-TM_HotelGruber_67-scaled.jpg","contentUrl":"https:\/\/www.hotelgruber.com\/wp-content\/uploads\/2025\/09\/compressed_67-TM_HotelGruber_67-scaled.jpg","width":2560,"height":1707},{"@type":"BreadcrumbList","@id":"https:\/\/www.hotelgruber.com\/fr\/restaurant\/#breadcrumb","itemListElement":[{"@type":"ListItem","position":1,"name":"Home","item":"https:\/\/www.hotelgruber.com\/fr\/"},{"@type":"ListItem","position":2,"name":"Restaurant"}]},{"@type":"WebSite","@id":"https:\/\/www.hotelgruber.com\/fr\/#website","url":"https:\/\/www.hotelgruber.com\/fr\/","name":"Hotel Gruber","description":"Hotel Gruber in Steinheim","potentialAction":[{"@type":"SearchAction","target":{"@type":"EntryPoint","urlTemplate":"https:\/\/www.hotelgruber.com\/fr\/?s={search_term_string}"},"query-input":{"@type":"PropertyValueSpecification","valueRequired":true,"valueName":"search_term_string"}}],"inLanguage":"fr-FR"}]}},"_links":{"self":[{"href":"https:\/\/www.hotelgruber.com\/fr\/wp-json\/wp\/v2\/pages\/822","targetHints":{"allow":["GET"]}}],"collection":[{"href":"https:\/\/www.hotelgruber.com\/fr\/wp-json\/wp\/v2\/pages"}],"about":[{"href":"https:\/\/www.hotelgruber.com\/fr\/wp-json\/wp\/v2\/types\/page"}],"author":[{"embeddable":true,"href":"https:\/\/www.hotelgruber.com\/fr\/wp-json\/wp\/v2\/users\/5"}],"replies":[{"embeddable":true,"href":"https:\/\/www.hotelgruber.com\/fr\/wp-json\/wp\/v2\/comments?post=822"}],"version-history":[{"count":57,"href":"https:\/\/www.hotelgruber.com\/fr\/wp-json\/wp\/v2\/pages\/822\/revisions"}],"predecessor-version":[{"id":3021,"href":"https:\/\/www.hotelgruber.com\/fr\/wp-json\/wp\/v2\/pages\/822\/revisions\/3021"}],"wp:featuredmedia":[{"embeddable":true,"href":"https:\/\/www.hotelgruber.com\/fr\/wp-json\/wp\/v2\/media\/2769"}],"wp:attachment":[{"href":"https:\/\/www.hotelgruber.com\/fr\/wp-json\/wp\/v2\/media?parent=822"}],"curies":[{"name":"wp","href":"https:\/\/api.w.org\/{rel}","templated":true}]}}